{"id":4334,"date":"2024-06-27T06:35:11","date_gmt":"2024-06-27T11:35:11","guid":{"rendered":"https:\/\/slowtravelcolombia.com\/?page_id=4334"},"modified":"2025-03-05T10:24:10","modified_gmt":"2025-03-05T15:24:10","slug":"privacy-policies","status":"publish","type":"page","link":"https:\/\/slowtravelcolombia.com\/es\/privacy-policies\/","title":{"rendered":"Privacy Policies"},"content":{"rendered":"<div data-elementor-type=\"wp-page\" data-elementor-id=\"4334\" class=\"elementor elementor-4334\" data-elementor-post-type=\"page\">\n\t\t\t\t<div data-particle_enable=\"false\" data-particle-mobile-disabled=\"false\" class=\"elementor-element elementor-element-57d268f e-con-full e-flex e-con e-parent\" data-id=\"57d268f\" data-element_type=\"container\" data-settings=\"{&quot;background_background&quot;:&quot;classic&quot;}\">\n\t\t<div data-particle_enable=\"false\" data-particle-mobile-disabled=\"false\" class=\"elementor-element elementor-element-b570d48 e-con-full e-flex e-con e-child\" data-id=\"b570d48\" data-element_type=\"container\">\n\t\t\t\t<div class=\"elementor-element elementor-element-2513249 elementor-widget elementor-widget-ucaddon_separator_divider\" data-id=\"2513249\" data-element_type=\"widget\" data-widget_type=\"ucaddon_separator_divider.default\">\n\t\t\t\t<div class=\"elementor-widget-container\">\n\t\t\t\t\t\n<!-- start Unlimited Separator Divider -->\n<style>\/* widget: Unlimited Separator Divider *\/\n\n#uc_separator_divider_elementor_2513249 svg\n{\n  width:100%;\n}\n\n<\/style>\n\n<div id=\"uc_separator_divider_elementor_2513249\" class=\"separator_divider\">   \n\t<svg version=\"1.1\"  xmlns=\"http:\/\/www.w3.org\/2000\/svg\" xmlns:xlink=\"http:\/\/www.w3.org\/1999\/xlink\" x=\"0px\" y=\"0px\"\n\t viewbox=\"0 0 282.7 91.2\" style=\"enable-background:new 0 0 282.7 91.2;\" xml:space=\"preserve\" >\n<style type=\"text\/css\">\n<\/style>\n<g>\n\t<path class=\"st0\" d=\"M179,0.8c0,0-17,4.6-36.8,5.1c-19.8,0.5-38.9-5.8-38.9-5.8C141.3,17.1,179,0.8,179,0.8z\"\/>\n\t<path class=\"st0\" d=\"M231.2,0.1c-18.6,0.9-27.4,6.7-27.4,6.7s26-9.2,52.9-1.6c31.7,8.9,33.3,39-1.8,49c-4.4-9.1-20.2-21.5-56-20.9\t\tc-13.5,0.2-24.4,3.3-33,7.1c-4.6-2.8-12.5-7.8-22.1-12.5c13.3-6.4,21.2-7.9,28.7-8.8c10.8-1.4,23.9,2.1,26.7,4.1\t\tc2.8,2.1,4.6,2.5,6,1.8c1.4-0.7,3.5-2.8,5.5-0.7c2.1,2.1,3.7-0.9,6-0.5c2.3,0.5,4.8,0,4.8,0c-2.8-2.3-5.5-1.8-6.7-1.2\t\tc-1.1,0.7-2.5,0.9-2.5,0.9c-4.4-3.9-6.2-0.5-7.1-0.2c-0.9,0.2-2.3,0-2.3,0c-19.9-11.6-43.4-5.1-61.4,3.4c-18-8.5-41.4-15-61.4-3.4\t\tc0,0-1.4,0.2-2.3,0c-0.9-0.2-2.8-3.7-7.1,0.2c0,0-1.4-0.2-2.5-0.9c-1.2-0.7-3.9-1.1-6.7,1.2c0,0,2.5,0.5,4.8,0\t\tc2.3-0.5,3.9,2.5,6,0.5c2.1-2.1,4.1,0,5.5,0.7c1.4,0.7,3.2,0.2,6-1.8c2.8-2.1,15.9-5.5,26.7-4.1c7.4,0.9,15.4,2.4,28.7,8.8\t\tc-9.6,4.7-17.4,9.7-22.1,12.5c-8.6-3.8-19.5-6.8-33-7.1C48.1,32.6,32.4,45,28,54.1c-35.2-9.9-33.6-40-1.9-49\t\tC52.9-2.5,79,6.8,79,6.8S70.2,1,51.6,0.1C28.6-1.1-1.1,9.1,0,29.3C0.9,44.2,12.8,52,27.3,55.9c-2.8,9.1,6.6,20.9,26.6,22.7\t\tc20.7,1.8,33.6-8.3,33.6-8.3s-17.9,10.1-38,6.2c-20-3.9-20.8-15.3-20.7-18.2c0-0.5,0.1-1.2,0.4-1.9c6.8,1.7,14.1,2.5,21,2.9\t\tc21.1,1.1,41.7-1.9,67.2-16.6c15.9,7,23,16.6,23,16.6s-4.6,5.5-6,12.9c-2.7,14.3,3.4,19.1,7.1,19.1c4.6,0,8.9-4.6,7.6-15.9\t\tc-1.2-9.9-6.7-16.1-6.7-16.1s7.1-9.6,22.9-16.6c25.4,14.6,46.1,17.6,67.1,16.6c6.9-0.4,14.3-1.2,21.1-2.9c0.2,0.8,0.4,1.5,0.4,2\t\tc0.1,2.8-0.7,14.3-20.7,18.2c-20,3.9-38-6.2-38-6.2s12.9,10.1,33.6,8.3c20-1.8,29.5-13.6,26.6-22.7c14.4-3.9,26.3-11.7,27.1-26.5\t\tC283.8,9.1,254.2-1.1,231.2,0.1z M33.9,55.5c-1.4-0.3-2.7-0.6-4-0.9c3.2-7,15.1-19.3,51.9-19.1c13.5,0.1,24.5,2.6,33.1,6\t\tC103,48.2,74.4,63.5,33.9,55.5z M147.1,77.6c0.5,10.8-4.6,10.6-5.8,10.6c-1.2,0-6.4-0.9-5.8-11c0.8-11.3,6.2-15.9,6.2-15.9\t\tS146.6,67,147.1,77.6z M141.4,58.3c0,0-7.1-9.5-22-16.9c0.8-0.5,1.7-1,2.6-1.5c7.5-4.6,13.9-8.2,19.4-11c5.5,2.8,11.9,6.3,19.4,11\t\tc0.9,0.5,1.7,1.1,2.6,1.6C148.5,48.8,141.4,58.3,141.4,58.3z M248.9,55.5c-40.5,7.9-69-7.3-80.9-13.9c8.6-3.4,19.6-6,33.1-6.1\t\tc36.7-0.2,48.6,12.1,51.9,19.1C251.7,54.9,250.3,55.3,248.9,55.5z\"\/>\n\t<path class=\"st0\" d=\"M91.5,24.6c0.9-1.8-0.6-3.1-2.8-1.5c-2.1,1.5-3.1,0.6-3.1,0.6C85.6,25.6,90.5,26.5,91.5,24.6z\"\/>\n\t<path class=\"st0\" d=\"M191.1,24.6c0.9,1.8,5.8,0.9,5.8-0.9c0,0-0.9,0.9-3.1-0.6C191.7,21.6,190.2,22.8,191.1,24.6z\"\/>\n<\/g>\n<\/svg>  \n\t\n  \n  \n  \n   \n  \n  \n\n    \n    \n  \n    \n  \n  \n  \n    \n    \n    \n    \n  \n  <\/div>\n<!-- end Unlimited Separator Divider -->\t\t\t\t<\/div>\n\t\t\t\t<\/div>\n\t\t<div data-particle_enable=\"false\" data-particle-mobile-disabled=\"false\" class=\"elementor-element elementor-element-84bd4bc e-con-full e-flex e-con e-child\" data-id=\"84bd4bc\" data-element_type=\"container\">\n\t\t\t\t<div class=\"elementor-element elementor-element-648bd15 elementor-widget elementor-widget-text-editor\" data-id=\"648bd15\" data-element_type=\"widget\" data-widget_type=\"text-editor.default\">\n\t\t\t\t<div class=\"elementor-widget-container\">\n\t\t\t\t\t\t\t\t\t<p>El presente Aviso de Privacidad (en adelante el \u201cAviso\u201d) establece los t\u00e9rminos y condiciones en virtud de los cuales SOUTH AMERICA TRAVEL &amp; TRADE S.A.S., sociedad legalmente constituida conforme a las leyes de la Rep\u00fablica de Colombia, identificada con el NIT. 901.691.472-5, y con domicilio en la ciudad de Bogot\u00e1 D.C. (\u201cSATT\u201d), realizar\u00e1 el tratamiento de sus datos personales.<\/p><p>1. TRATAMIENTO Y FINALIDAD: El tratamiento que realizar\u00e1 SATT de la informaci\u00f3n personal suministrada por usted ser\u00e1 el siguiente: La recolecci\u00f3n, almacenamiento, uso, circulaci\u00f3n de los datos personales para los siguientes fines:<\/p><p>1.1. Gestionar y crear perfiles de usuarios conforme a los t\u00e9rminos y condiciones de la plataforma.<\/p><p>1.2. Ser contactado para conocer de la informaci\u00f3n disponible en la plataforma mediante cualquier mensaje de datos electr\u00f3nico o cualquier medio f\u00edsico o de comunicaci\u00f3n v\u00e1lido existente.<\/p><p>1.3. Realizar actividades de promoci\u00f3n y mercadeo de los servicios y experiencias asociadas a los servicios ofrecidos por SATT.<\/p><p>1.4. Realizar el almacenamiento y registro de los datos personales en bases de datos de titularidad de SATT para fines estad\u00edsticos y comerciales.<\/p><p>1.5. Transmitir y transferir los datos personales con terceros para fines comerciales y de mejora del servicio.<\/p><p>1.6. Usar la imagen de los titulares que se recolecte en fotograf\u00edas o im\u00e1genes digitales para fines publicitarios del portafolio de servicios de SATT.<\/p><p>1.7. Para fines de mercadeo y an\u00e1lisis de mercado.<\/p><p>1.8. Dar respuesta a cualquier solicitud, queja o reclamo por parte de los usuarios de la plataforma.<\/p><p>1.9. Hacer b\u00fasquedas en bases de datos de terceros, incluyendo centrales de riesgo crediticio, pudiendo as\u00ed acceder al historial crediticio de los usuarios.<\/p><p>1.10. Realizar reportes o solicitudes de correcci\u00f3n y modificaci\u00f3n ante centrales de riesgo o entidades financieras.<\/p><p>2. DERECHOS DEL TITULAR: Como titular de los datos personales Usted tiene derecho a: (i) Acceder en forma gratuita a los datos proporcionados que hayan sido objeto de tratamiento. (ii) Conocer, actualizar y rectificar su informaci\u00f3n frente a datos parciales, inexactos, incompletos, fraccionados, que induzcan a error, o a aquellos cuyo tratamiento est\u00e9 prohibido o no haya sido autorizado. (iii) Solicitar prueba de la autorizaci\u00f3n otorgada. (iv) Presentar quejas y reclamos. (v) Revocar la autorizaci\u00f3n y\/o solicitar la supresi\u00f3n del dato, siempre que no exista un deber legal o contractual que impida eliminarlos. (vi) Abstenerse de responder las preguntas sobre datos sensibles. Tendr\u00e1 car\u00e1cter facultativo las respuestas que versen sobre datos sensibles o sobre datos de las ni\u00f1as y ni\u00f1os y adolescentes.<\/p><p>3. MECANISMOS PARA CONOCER LA POL\u00cdTICA DE TRATAMIENTO: El titular puede acceder a nuestra Pol\u00edtica de Tratamiento de informaci\u00f3n, la cual se encuentra publicada en <span style=\"color: #99cc00;\"><a style=\"color: #99cc00;\" href=\"https:\/\/slowtravelcolombia.com\/politicas-y-privacidad\/\">Pol\u00edticas y privacidad<\/a><\/span>, podr\u00e1 elevar consultas, quejas o reclamos a la siguiente direcci\u00f3n travel@slowtravelcolombia.com.<\/p>\t\t\t\t\t\t\t\t<\/div>\n\t\t\t\t<\/div>\n\t\t\t\t<\/div>\n\t\t\t\t<\/div>\n\t\t\t\t<\/div>\n\t\t\t\t<\/div>","protected":false},"excerpt":{"rendered":"<p>El presente Aviso de Privacidad (en adelante el \u201cAviso\u201d) establece los t\u00e9rminos y condiciones en virtud de los cuales SOUTH AMERICA TRAVEL &amp; TRADE S.A.S., sociedad legalmente constituida conforme a las leyes de la Rep\u00fablica de Colombia, identificada con el NIT. 901.691.472-5, y con domicilio en la ciudad de Bogot\u00e1 D.C. (\u201cSATT\u201d), realizar\u00e1 el tratamiento [&hellip;]<\/p>","protected":false},"author":1,"featured_media":0,"parent":0,"menu_order":0,"comment_status":"closed","ping_status":"closed","template":"","meta":{"inline_featured_image":false,"footnotes":""},"class_list":["post-4334","page","type-page","status-publish","hentry"],"_links":{"self":[{"href":"https:\/\/slowtravelcolombia.com\/es\/wp-json\/wp\/v2\/pages\/4334","targetHints":{"allow":["GET"]}}],"collection":[{"href":"https:\/\/slowtravelcolombia.com\/es\/wp-json\/wp\/v2\/pages"}],"about":[{"href":"https:\/\/slowtravelcolombia.com\/es\/wp-json\/wp\/v2\/types\/page"}],"author":[{"embeddable":true,"href":"https:\/\/slowtravelcolombia.com\/es\/wp-json\/wp\/v2\/users\/1"}],"replies":[{"embeddable":true,"href":"https:\/\/slowtravelcolombia.com\/es\/wp-json\/wp\/v2\/comments?post=4334"}],"version-history":[{"count":44,"href":"https:\/\/slowtravelcolombia.com\/es\/wp-json\/wp\/v2\/pages\/4334\/revisions"}],"predecessor-version":[{"id":5923,"href":"https:\/\/slowtravelcolombia.com\/es\/wp-json\/wp\/v2\/pages\/4334\/revisions\/5923"}],"wp:attachment":[{"href":"https:\/\/slowtravelcolombia.com\/es\/wp-json\/wp\/v2\/media?parent=4334"}],"curies":[{"name":"wp","href":"https:\/\/api.w.org\/{rel}","templated":true}]}}