{"id":771,"date":"2023-08-02T11:32:14","date_gmt":"2023-08-02T11:32:14","guid":{"rendered":"https:\/\/slowtravelcolombia.com\/?page_id=771"},"modified":"2025-03-05T10:39:42","modified_gmt":"2025-03-05T15:39:42","slug":"meet-us","status":"publish","type":"page","link":"https:\/\/slowtravelcolombia.com\/es\/meet-us\/","title":{"rendered":"Con\u00f3cenos"},"content":{"rendered":"<div data-elementor-type=\"wp-page\" data-elementor-id=\"771\" class=\"elementor elementor-771\" data-elementor-post-type=\"page\">\n\t\t\t\t<div data-particle_enable=\"false\" data-particle-mobile-disabled=\"false\" class=\"elementor-element elementor-element-0170a55 e-con-full e-flex e-con e-parent\" data-id=\"0170a55\" data-element_type=\"container\" data-settings=\"{&quot;background_background&quot;:&quot;slideshow&quot;,&quot;background_slideshow_gallery&quot;:[{&quot;id&quot;:1271,&quot;url&quot;:&quot;https:\\\/\\\/sattexperience.com\\\/wp-content\\\/uploads\\\/2023\\\/08\\\/meetus-slide_001.webp&quot;},{&quot;id&quot;:1272,&quot;url&quot;:&quot;https:\\\/\\\/sattexperience.com\\\/wp-content\\\/uploads\\\/2023\\\/08\\\/meetus-slide_002.webp&quot;},{&quot;id&quot;:1273,&quot;url&quot;:&quot;https:\\\/\\\/sattexperience.com\\\/wp-content\\\/uploads\\\/2023\\\/08\\\/meetus-slide_003.webp&quot;}],&quot;background_slideshow_ken_burns&quot;:&quot;yes&quot;,&quot;background_slideshow_loop&quot;:&quot;yes&quot;,&quot;background_slideshow_slide_duration&quot;:5000,&quot;background_slideshow_slide_transition&quot;:&quot;fade&quot;,&quot;background_slideshow_transition_duration&quot;:500,&quot;background_slideshow_ken_burns_zoom_direction&quot;:&quot;in&quot;}\">\n\t\t\t\t<\/div>\n\t\t<div data-particle_enable=\"false\" data-particle-mobile-disabled=\"false\" class=\"elementor-element elementor-element-f7604bd e-con-full e-flex e-con e-parent\" data-id=\"f7604bd\" data-element_type=\"container\" data-settings=\"{&quot;background_background&quot;:&quot;classic&quot;}\">\n\t\t<div data-particle_enable=\"false\" data-particle-mobile-disabled=\"false\" class=\"elementor-element elementor-element-a3102b8 e-con-full e-flex e-con e-child\" data-id=\"a3102b8\" data-element_type=\"container\">\n\t\t\t\t<div class=\"elementor-element elementor-element-64953e6 elementor-widget elementor-widget-heading\" data-id=\"64953e6\" data-element_type=\"widget\" data-widget_type=\"heading.default\">\n\t\t\t\t<div class=\"elementor-widget-container\">\n\t\t\t\t\t<h2 class=\"elementor-heading-title elementor-size-default\">Con\u00f3cenos<\/h2>\t\t\t\t<\/div>\n\t\t\t\t<\/div>\n\t\t\t\t<div class=\"elementor-element elementor-element-c466460 elementor-widget elementor-widget-ucaddon_separator_divider\" data-id=\"c466460\" data-element_type=\"widget\" data-widget_type=\"ucaddon_separator_divider.default\">\n\t\t\t\t<div class=\"elementor-widget-container\">\n\t\t\t\t\t\n<!-- start Unlimited Separator Divider -->\n<style>\/* widget: Unlimited Separator Divider *\/\n\n#uc_separator_divider_elementor_c466460 svg\n{\n  width:100%;\n}\n\n<\/style>\n\n<div id=\"uc_separator_divider_elementor_c466460\" class=\"separator_divider\">   \n\t<svg version=\"1.1\"  xmlns=\"http:\/\/www.w3.org\/2000\/svg\" xmlns:xlink=\"http:\/\/www.w3.org\/1999\/xlink\" x=\"0px\" y=\"0px\"\n\t viewbox=\"0 0 282.7 91.2\" style=\"enable-background:new 0 0 282.7 91.2;\" xml:space=\"preserve\" >\n<style type=\"text\/css\">\n<\/style>\n<g>\n\t<path class=\"st0\" d=\"M179,0.8c0,0-17,4.6-36.8,5.1c-19.8,0.5-38.9-5.8-38.9-5.8C141.3,17.1,179,0.8,179,0.8z\"\/>\n\t<path class=\"st0\" d=\"M231.2,0.1c-18.6,0.9-27.4,6.7-27.4,6.7s26-9.2,52.9-1.6c31.7,8.9,33.3,39-1.8,49c-4.4-9.1-20.2-21.5-56-20.9\t\tc-13.5,0.2-24.4,3.3-33,7.1c-4.6-2.8-12.5-7.8-22.1-12.5c13.3-6.4,21.2-7.9,28.7-8.8c10.8-1.4,23.9,2.1,26.7,4.1\t\tc2.8,2.1,4.6,2.5,6,1.8c1.4-0.7,3.5-2.8,5.5-0.7c2.1,2.1,3.7-0.9,6-0.5c2.3,0.5,4.8,0,4.8,0c-2.8-2.3-5.5-1.8-6.7-1.2\t\tc-1.1,0.7-2.5,0.9-2.5,0.9c-4.4-3.9-6.2-0.5-7.1-0.2c-0.9,0.2-2.3,0-2.3,0c-19.9-11.6-43.4-5.1-61.4,3.4c-18-8.5-41.4-15-61.4-3.4\t\tc0,0-1.4,0.2-2.3,0c-0.9-0.2-2.8-3.7-7.1,0.2c0,0-1.4-0.2-2.5-0.9c-1.2-0.7-3.9-1.1-6.7,1.2c0,0,2.5,0.5,4.8,0\t\tc2.3-0.5,3.9,2.5,6,0.5c2.1-2.1,4.1,0,5.5,0.7c1.4,0.7,3.2,0.2,6-1.8c2.8-2.1,15.9-5.5,26.7-4.1c7.4,0.9,15.4,2.4,28.7,8.8\t\tc-9.6,4.7-17.4,9.7-22.1,12.5c-8.6-3.8-19.5-6.8-33-7.1C48.1,32.6,32.4,45,28,54.1c-35.2-9.9-33.6-40-1.9-49\t\tC52.9-2.5,79,6.8,79,6.8S70.2,1,51.6,0.1C28.6-1.1-1.1,9.1,0,29.3C0.9,44.2,12.8,52,27.3,55.9c-2.8,9.1,6.6,20.9,26.6,22.7\t\tc20.7,1.8,33.6-8.3,33.6-8.3s-17.9,10.1-38,6.2c-20-3.9-20.8-15.3-20.7-18.2c0-0.5,0.1-1.2,0.4-1.9c6.8,1.7,14.1,2.5,21,2.9\t\tc21.1,1.1,41.7-1.9,67.2-16.6c15.9,7,23,16.6,23,16.6s-4.6,5.5-6,12.9c-2.7,14.3,3.4,19.1,7.1,19.1c4.6,0,8.9-4.6,7.6-15.9\t\tc-1.2-9.9-6.7-16.1-6.7-16.1s7.1-9.6,22.9-16.6c25.4,14.6,46.1,17.6,67.1,16.6c6.9-0.4,14.3-1.2,21.1-2.9c0.2,0.8,0.4,1.5,0.4,2\t\tc0.1,2.8-0.7,14.3-20.7,18.2c-20,3.9-38-6.2-38-6.2s12.9,10.1,33.6,8.3c20-1.8,29.5-13.6,26.6-22.7c14.4-3.9,26.3-11.7,27.1-26.5\t\tC283.8,9.1,254.2-1.1,231.2,0.1z M33.9,55.5c-1.4-0.3-2.7-0.6-4-0.9c3.2-7,15.1-19.3,51.9-19.1c13.5,0.1,24.5,2.6,33.1,6\t\tC103,48.2,74.4,63.5,33.9,55.5z M147.1,77.6c0.5,10.8-4.6,10.6-5.8,10.6c-1.2,0-6.4-0.9-5.8-11c0.8-11.3,6.2-15.9,6.2-15.9\t\tS146.6,67,147.1,77.6z M141.4,58.3c0,0-7.1-9.5-22-16.9c0.8-0.5,1.7-1,2.6-1.5c7.5-4.6,13.9-8.2,19.4-11c5.5,2.8,11.9,6.3,19.4,11\t\tc0.9,0.5,1.7,1.1,2.6,1.6C148.5,48.8,141.4,58.3,141.4,58.3z M248.9,55.5c-40.5,7.9-69-7.3-80.9-13.9c8.6-3.4,19.6-6,33.1-6.1\t\tc36.7-0.2,48.6,12.1,51.9,19.1C251.7,54.9,250.3,55.3,248.9,55.5z\"\/>\n\t<path class=\"st0\" d=\"M91.5,24.6c0.9-1.8-0.6-3.1-2.8-1.5c-2.1,1.5-3.1,0.6-3.1,0.6C85.6,25.6,90.5,26.5,91.5,24.6z\"\/>\n\t<path class=\"st0\" d=\"M191.1,24.6c0.9,1.8,5.8,0.9,5.8-0.9c0,0-0.9,0.9-3.1-0.6C191.7,21.6,190.2,22.8,191.1,24.6z\"\/>\n<\/g>\n<\/svg>  \n\t\n  \n  \n  \n   \n  \n  \n\n    \n    \n  \n    \n  \n  \n  \n    \n    \n    \n    \n  \n  <\/div>\n<!-- end Unlimited Separator Divider -->\t\t\t\t<\/div>\n\t\t\t\t<\/div>\n\t\t<div data-particle_enable=\"false\" data-particle-mobile-disabled=\"false\" class=\"elementor-element elementor-element-989d59b e-con-full e-flex e-con e-child\" data-id=\"989d59b\" data-element_type=\"container\">\n\t\t<div data-particle_enable=\"false\" data-particle-mobile-disabled=\"false\" class=\"elementor-element elementor-element-1e627ba e-con-full e-flex e-con e-child\" data-id=\"1e627ba\" data-element_type=\"container\">\n\t\t\t\t<div class=\"elementor-element elementor-element-0ab0af5 elementor-widget__width-initial elementor-widget elementor-widget-text-editor\" data-id=\"0ab0af5\" data-element_type=\"widget\" data-widget_type=\"text-editor.default\">\n\t\t\t\t<div class=\"elementor-widget-container translation-block\">Somos <b>Slow Travel Colombia by SATT<\/b> mucho m\u00e1s que una agencia operadora de turismo. Nos especializamos en ofrecer experiencias de alto valor para adultos Senior, aquellos que valoran la calidad, la exclusividad y la tranquilidad, promovemos un estilo de turismo Slow, una forma de viajar que trasciende lo convencional. Para nosotros, se trata de un estilo de vida, una forma de viajar m\u00e1s relajada, lenta y sin prisas, de sumergirse en la esencia de cada lugar, de saborear cada momento con tranquilidad y con el tiempo necesario para vivir a plenitud la experiencia de conectarse con las personas locales, su cultura, su gastronom\u00eda y el medio ambiente.<\/div>\n\t\t\t\t<\/div>\n\t\t\t\t<\/div>\n\t\t<div data-particle_enable=\"false\" data-particle-mobile-disabled=\"false\" class=\"elementor-element elementor-element-aaf3fff e-con-full e-flex e-con e-child\" data-id=\"aaf3fff\" data-element_type=\"container\">\n\t\t\t\t<div class=\"elementor-element elementor-element-d81c7fa elementor-widget elementor-widget-image\" data-id=\"d81c7fa\" data-element_type=\"widget\" data-settings=\"{&quot;motion_fx_motion_fx_scrolling&quot;:&quot;yes&quot;,&quot;motion_fx_translateX_effect&quot;:&quot;yes&quot;,&quot;motion_fx_translateX_affectedRange&quot;:{&quot;unit&quot;:&quot;%&quot;,&quot;size&quot;:&quot;&quot;,&quot;sizes&quot;:{&quot;start&quot;:0,&quot;end&quot;:50}},&quot;motion_fx_translateX_speed&quot;:{&quot;unit&quot;:&quot;px&quot;,&quot;size&quot;:4,&quot;sizes&quot;:[]},&quot;motion_fx_devices&quot;:[&quot;desktop&quot;,&quot;tablet&quot;,&quot;mobile&quot;]}\" data-widget_type=\"image.default\">\n\t\t\t\t<div class=\"elementor-widget-container\">\n\t\t\t\t\t\t\t\t\t\t\t\t\t\t\t<img fetchpriority=\"high\" decoding=\"async\" width=\"1080\" height=\"1080\" src=\"https:\/\/slowtravelcolombia.com\/wp-content\/uploads\/2023\/08\/related-01_001-02.webp\" class=\"attachment-full size-full wp-image-1888\" alt=\"\" srcset=\"https:\/\/slowtravelcolombia.com\/wp-content\/uploads\/2023\/08\/related-01_001-02.webp 1080w, https:\/\/slowtravelcolombia.com\/wp-content\/uploads\/2023\/08\/related-01_001-02-300x300.webp 300w, https:\/\/slowtravelcolombia.com\/wp-content\/uploads\/2023\/08\/related-01_001-02-100x100.webp 100w, https:\/\/slowtravelcolombia.com\/wp-content\/uploads\/2023\/08\/related-01_001-02-600x600.webp 600w, https:\/\/slowtravelcolombia.com\/wp-content\/uploads\/2023\/08\/related-01_001-02-1024x1024.webp 1024w, https:\/\/slowtravelcolombia.com\/wp-content\/uploads\/2023\/08\/related-01_001-02-150x150.webp 150w, https:\/\/slowtravelcolombia.com\/wp-content\/uploads\/2023\/08\/related-01_001-02-768x768.webp 768w\" sizes=\"(max-width: 1080px) 100vw, 1080px\" \/>\t\t\t\t\t\t\t\t\t\t\t\t\t\t\t<\/div>\n\t\t\t\t<\/div>\n\t\t\t\t<\/div>\n\t\t\t\t<\/div>\n\t\t<div data-particle_enable=\"false\" data-particle-mobile-disabled=\"false\" class=\"elementor-element elementor-element-9acd56f e-con-full e-flex e-con e-child\" data-id=\"9acd56f\" data-element_type=\"container\">\n\t\t<div data-particle_enable=\"false\" data-particle-mobile-disabled=\"false\" class=\"elementor-element elementor-element-8f7af0e e-con-full e-flex e-con e-child\" data-id=\"8f7af0e\" data-element_type=\"container\">\n\t\t\t\t<div class=\"elementor-element elementor-element-89ad0fd elementor-widget elementor-widget-image\" data-id=\"89ad0fd\" data-element_type=\"widget\" data-settings=\"{&quot;motion_fx_motion_fx_scrolling&quot;:&quot;yes&quot;,&quot;motion_fx_translateX_effect&quot;:&quot;yes&quot;,&quot;motion_fx_translateX_direction&quot;:&quot;negative&quot;,&quot;motion_fx_translateX_affectedRange&quot;:{&quot;unit&quot;:&quot;%&quot;,&quot;size&quot;:&quot;&quot;,&quot;sizes&quot;:{&quot;start&quot;:0,&quot;end&quot;:50}},&quot;motion_fx_translateX_speed&quot;:{&quot;unit&quot;:&quot;px&quot;,&quot;size&quot;:4,&quot;sizes&quot;:[]},&quot;motion_fx_devices&quot;:[&quot;desktop&quot;,&quot;tablet&quot;,&quot;mobile&quot;]}\" data-widget_type=\"image.default\">\n\t\t\t\t<div class=\"elementor-widget-container\">\n\t\t\t\t\t\t\t\t\t\t\t\t\t\t\t<img decoding=\"async\" width=\"1080\" height=\"1080\" src=\"https:\/\/slowtravelcolombia.com\/wp-content\/uploads\/2023\/08\/related-01_002-02.webp\" class=\"attachment-full size-full wp-image-1892\" alt=\"\" srcset=\"https:\/\/slowtravelcolombia.com\/wp-content\/uploads\/2023\/08\/related-01_002-02.webp 1080w, https:\/\/slowtravelcolombia.com\/wp-content\/uploads\/2023\/08\/related-01_002-02-300x300.webp 300w, https:\/\/slowtravelcolombia.com\/wp-content\/uploads\/2023\/08\/related-01_002-02-100x100.webp 100w, https:\/\/slowtravelcolombia.com\/wp-content\/uploads\/2023\/08\/related-01_002-02-600x600.webp 600w, https:\/\/slowtravelcolombia.com\/wp-content\/uploads\/2023\/08\/related-01_002-02-1024x1024.webp 1024w, https:\/\/slowtravelcolombia.com\/wp-content\/uploads\/2023\/08\/related-01_002-02-150x150.webp 150w, https:\/\/slowtravelcolombia.com\/wp-content\/uploads\/2023\/08\/related-01_002-02-768x768.webp 768w\" sizes=\"(max-width: 1080px) 100vw, 1080px\" \/>\t\t\t\t\t\t\t\t\t\t\t\t\t\t\t<\/div>\n\t\t\t\t<\/div>\n\t\t\t\t<\/div>\n\t\t<div data-particle_enable=\"false\" data-particle-mobile-disabled=\"false\" class=\"elementor-element elementor-element-5e06fc6 e-con-full e-flex e-con e-child\" data-id=\"5e06fc6\" data-element_type=\"container\">\n\t\t\t\t<div class=\"elementor-element elementor-element-e70bb9e elementor-widget__width-initial elementor-widget elementor-widget-text-editor\" data-id=\"e70bb9e\" data-element_type=\"widget\" data-widget_type=\"text-editor.default\">\n\t\t\t\t<div class=\"elementor-widget-container\">\n\t\t\t\t\t\t\t\t\t<p>En nuestros viajes buscamos proporcionar experiencias que vayan m\u00e1s all\u00e1 de lo masificado. Creemos en un turismo sostenible y consciente, donde el tiempo es un aliado para experimentar plenamente la vida local. Queremos que nuestros viajeros se reencuentren consigo mismos mientras descubren los tesoros ocultos de nuestros destinos, desde su gastronom\u00eda hasta los impresionantes paisajes naturales.<\/p>\t\t\t\t\t\t\t\t<\/div>\n\t\t\t\t<\/div>\n\t\t\t\t<\/div>\n\t\t\t\t<\/div>\n\t\t<div data-particle_enable=\"false\" data-particle-mobile-disabled=\"false\" class=\"elementor-element elementor-element-5b3510e e-con-full e-flex e-con e-child\" data-id=\"5b3510e\" data-element_type=\"container\">\n\t\t<div data-particle_enable=\"false\" data-particle-mobile-disabled=\"false\" class=\"elementor-element elementor-element-c362e29 e-con-full e-flex e-con e-child\" data-id=\"c362e29\" data-element_type=\"container\">\n\t\t\t\t<div class=\"elementor-element elementor-element-9d15780 elementor-widget__width-initial elementor-widget elementor-widget-text-editor\" data-id=\"9d15780\" data-element_type=\"widget\" data-widget_type=\"text-editor.default\">\n\t\t\t\t<div class=\"elementor-widget-container\">\n\t\t\t\t\t\t\t\t\t<p>Nuestro objetivo es que cada viaje sea una experiencia enriquecedora y cercana, donde nuestros viajeros se sientan cuidados y atendidos en cada detalle. Creemos en la importancia de establecer relaciones basadas en el respeto y la interacci\u00f3n responsable, nos esforzamos por crear un ambiente donde cada momento se saborea, donde los peque\u00f1os detalles importan y donde el bienestar de nuestros viajeros es primordial en todo momento del d\u00eda.<\/p>\t\t\t\t\t\t\t\t<\/div>\n\t\t\t\t<\/div>\n\t\t\t\t<\/div>\n\t\t<div data-particle_enable=\"false\" data-particle-mobile-disabled=\"false\" class=\"elementor-element elementor-element-225deef e-con-full e-flex e-con e-child\" data-id=\"225deef\" data-element_type=\"container\">\n\t\t\t\t<div class=\"elementor-element elementor-element-baf4070 elementor-widget elementor-widget-image\" data-id=\"baf4070\" data-element_type=\"widget\" data-settings=\"{&quot;motion_fx_motion_fx_scrolling&quot;:&quot;yes&quot;,&quot;motion_fx_translateX_effect&quot;:&quot;yes&quot;,&quot;motion_fx_translateX_affectedRange&quot;:{&quot;unit&quot;:&quot;%&quot;,&quot;size&quot;:&quot;&quot;,&quot;sizes&quot;:{&quot;start&quot;:0,&quot;end&quot;:50}},&quot;motion_fx_translateX_speed&quot;:{&quot;unit&quot;:&quot;px&quot;,&quot;size&quot;:4,&quot;sizes&quot;:[]},&quot;motion_fx_devices&quot;:[&quot;desktop&quot;,&quot;tablet&quot;,&quot;mobile&quot;]}\" data-widget_type=\"image.default\">\n\t\t\t\t<div class=\"elementor-widget-container\">\n\t\t\t\t\t\t\t\t\t\t\t\t\t\t\t<img decoding=\"async\" width=\"1080\" height=\"1080\" src=\"https:\/\/slowtravelcolombia.com\/wp-content\/uploads\/2023\/08\/related-01_003-02.webp\" class=\"attachment-full size-full wp-image-1893\" alt=\"\" srcset=\"https:\/\/slowtravelcolombia.com\/wp-content\/uploads\/2023\/08\/related-01_003-02.webp 1080w, https:\/\/slowtravelcolombia.com\/wp-content\/uploads\/2023\/08\/related-01_003-02-300x300.webp 300w, https:\/\/slowtravelcolombia.com\/wp-content\/uploads\/2023\/08\/related-01_003-02-100x100.webp 100w, https:\/\/slowtravelcolombia.com\/wp-content\/uploads\/2023\/08\/related-01_003-02-600x600.webp 600w, https:\/\/slowtravelcolombia.com\/wp-content\/uploads\/2023\/08\/related-01_003-02-1024x1024.webp 1024w, https:\/\/slowtravelcolombia.com\/wp-content\/uploads\/2023\/08\/related-01_003-02-150x150.webp 150w, https:\/\/slowtravelcolombia.com\/wp-content\/uploads\/2023\/08\/related-01_003-02-768x768.webp 768w\" sizes=\"(max-width: 1080px) 100vw, 1080px\" \/>\t\t\t\t\t\t\t\t\t\t\t\t\t\t\t<\/div>\n\t\t\t\t<\/div>\n\t\t\t\t<\/div>\n\t\t\t\t<\/div>\n\t\t<div data-particle_enable=\"false\" data-particle-mobile-disabled=\"false\" class=\"elementor-element elementor-element-772c215 e-con-full e-flex e-con e-child\" data-id=\"772c215\" data-element_type=\"container\">\n\t\t\t\t<div class=\"elementor-element elementor-element-12c2785 elementor-widget__width-initial elementor-widget elementor-widget-text-editor\" data-id=\"12c2785\" data-element_type=\"widget\" data-widget_type=\"text-editor.default\">\n\t\t\t\t<div class=\"elementor-widget-container\">\n\t\t\t\t\t\t\t\t\t<p>\"Bienvenidos a un mundo donde el tiempo se desacelera y las experiencias se viven con intensidad. Bienvenidos a nuestra agencia, donde cada viaje es un viaje hacia el coraz\u00f3n\"<\/p>\t\t\t\t\t\t\t\t<\/div>\n\t\t\t\t<\/div>\n\t\t\t\t<div class=\"elementor-element elementor-element-8268b41 elementor-align-center elementor-widget elementor-widget-button\" data-id=\"8268b41\" data-element_type=\"widget\" data-settings=\"{&quot;motion_fx_motion_fx_scrolling&quot;:&quot;yes&quot;,&quot;motion_fx_translateY_effect&quot;:&quot;yes&quot;,&quot;motion_fx_translateY_affectedRange&quot;:{&quot;unit&quot;:&quot;%&quot;,&quot;size&quot;:&quot;&quot;,&quot;sizes&quot;:{&quot;start&quot;:0,&quot;end&quot;:50}},&quot;motion_fx_translateY_speed&quot;:{&quot;unit&quot;:&quot;px&quot;,&quot;size&quot;:4,&quot;sizes&quot;:[]},&quot;motion_fx_devices&quot;:[&quot;desktop&quot;,&quot;tablet&quot;,&quot;mobile&quot;]}\" data-widget_type=\"button.default\">\n\t\t\t\t<div class=\"elementor-widget-container\">\n\t\t\t\t\t\t\t\t\t<div class=\"elementor-button-wrapper\">\n\t\t\t\t\t<a class=\"elementor-button elementor-button-link elementor-size-xs\" href=\"https:\/\/slowtravelcolombia.com\/tours\/\">\n\t\t\t\t\t\t<span class=\"elementor-button-content-wrapper\">\n\t\t\t\t\t\t\t\t\t<span class=\"elementor-button-text\">Descubre M\u00e1s<\/span>\n\t\t\t\t\t<\/span>\n\t\t\t\t\t<\/a>\n\t\t\t\t<\/div>\n\t\t\t\t\t\t\t\t<\/div>\n\t\t\t\t<\/div>\n\t\t\t\t<\/div>\n\t\t\t\t<\/div>\n\t\t\t\t<\/div>\n\t\t\t\t<\/div>","protected":false},"excerpt":{"rendered":"<p>Meet Us We are SLOW TRAVEL COLOMBIA, much more than a tour operator agency. We specialize in offering high-value experiences for senior adults, those who value quality, excluexclusivity, and quality. We promote a Slow tourism style, a way of traveling that transcends the conventional. For us, it is a lifestyle, a more relaxed, slow and [&hellip;]<\/p>","protected":false},"author":1,"featured_media":0,"parent":0,"menu_order":0,"comment_status":"closed","ping_status":"closed","template":"","meta":{"inline_featured_image":false,"footnotes":""},"class_list":["post-771","page","type-page","status-publish","hentry"],"_links":{"self":[{"href":"https:\/\/slowtravelcolombia.com\/es\/wp-json\/wp\/v2\/pages\/771","targetHints":{"allow":["GET"]}}],"collection":[{"href":"https:\/\/slowtravelcolombia.com\/es\/wp-json\/wp\/v2\/pages"}],"about":[{"href":"https:\/\/slowtravelcolombia.com\/es\/wp-json\/wp\/v2\/types\/page"}],"author":[{"embeddable":true,"href":"https:\/\/slowtravelcolombia.com\/es\/wp-json\/wp\/v2\/users\/1"}],"replies":[{"embeddable":true,"href":"https:\/\/slowtravelcolombia.com\/es\/wp-json\/wp\/v2\/comments?post=771"}],"version-history":[{"count":61,"href":"https:\/\/slowtravelcolombia.com\/es\/wp-json\/wp\/v2\/pages\/771\/revisions"}],"predecessor-version":[{"id":5949,"href":"https:\/\/slowtravelcolombia.com\/es\/wp-json\/wp\/v2\/pages\/771\/revisions\/5949"}],"wp:attachment":[{"href":"https:\/\/slowtravelcolombia.com\/es\/wp-json\/wp\/v2\/media?parent=771"}],"curies":[{"name":"wp","href":"https:\/\/api.w.org\/{rel}","templated":true}]}}